{"id":1904,"date":"2022-01-13T16:26:17","date_gmt":"2022-01-13T14:26:17","guid":{"rendered":"https:\/\/toweringnuts.com\/?post_type=product&#038;p=1904"},"modified":"2025-02-24T15:07:00","modified_gmt":"2025-02-24T13:07:00","slug":"plant-graft-mastic-with-copper","status":"publish","type":"product","link":"https:\/\/toweringnuts.com\/ro\/product\/plant-graft-mastic-with-copper\/","title":{"rendered":"Mastic pentru altoit cu CUPRU"},"content":{"rendered":"<p>[vc_row][vc_column][vc_column_text]ARBOKOL COPPER este un produs polivalent care une\u0219te caracteristicile masticului pentru altoiuri cu efectul benefic al cuprului. Poate fi folosit pentru toate speciile de plante, copaci \u0219i arbu\u0219ti pentru a proteja \u00eempotriva unei game foarte largi de r\u0103ni (t\u0103ieturi, tundere, agen\u021bi atmosferici etc.). Prezen\u021ba cuprului face ca formula ARBOKOL COPPER s\u0103 fie unic\u0103 \u00een categoria sa privind performan\u021bele ridicate \u00een acoperirea t\u0103ieturilor.<br \/>\nEste suficient un strat sub\u021bire, dar uniform. Odat\u0103 format\u0103, pelicula va proteja partea tratat\u0103 a copacului f\u0103r\u0103 a se rupe. Acesta este produsul ideal de utilizat \u00een cultivarea amatorial\u0103, dar \u0219i \u00een agricultura profesional\u0103. \u00cembun\u0103t\u0103\u021be\u0219te rezisten\u021ba natural\u0103 a plantelor la condi\u021bii adverse de mediu.[\/vc_column_text][\/vc_column][\/vc_row]<\/p>","protected":false},"excerpt":{"rendered":"<p>[vc_row][vc_column][vc_column_text]ARBOKOL COPPER este un produs polivalent care une\u0219te caracteristicile masticului pentru altoiuri cu efectul benefic al cuprului. Poate fi folosit<\/p>\n","protected":false},"featured_media":1905,"comment_status":"closed","ping_status":"closed","template":"","meta":[],"product_brand":[],"product_cat":[51],"product_tag":[],"class_list":{"0":"post-1904","1":"product","2":"type-product","3":"status-publish","4":"has-post-thumbnail","6":"product_cat-mastics","8":"first","9":"instock","10":"shipping-taxable","11":"product-type-variable","12":"has-default-attributes"},"_links":{"self":[{"href":"https:\/\/toweringnuts.com\/ro\/wp-json\/wp\/v2\/product\/1904","targetHints":{"allow":["GET"]}}],"collection":[{"href":"https:\/\/toweringnuts.com\/ro\/wp-json\/wp\/v2\/product"}],"about":[{"href":"https:\/\/toweringnuts.com\/ro\/wp-json\/wp\/v2\/types\/product"}],"replies":[{"embeddable":true,"href":"https:\/\/toweringnuts.com\/ro\/wp-json\/wp\/v2\/comments?post=1904"}],"wp:featuredmedia":[{"embeddable":true,"href":"https:\/\/toweringnuts.com\/ro\/wp-json\/wp\/v2\/media\/1905"}],"wp:attachment":[{"href":"https:\/\/toweringnuts.com\/ro\/wp-json\/wp\/v2\/media?parent=1904"}],"wp:term":[{"taxonomy":"product_brand","embeddable":true,"href":"https:\/\/toweringnuts.com\/ro\/wp-json\/wp\/v2\/product_brand?post=1904"},{"taxonomy":"product_cat","embeddable":true,"href":"https:\/\/toweringnuts.com\/ro\/wp-json\/wp\/v2\/product_cat?post=1904"},{"taxonomy":"product_tag","embeddable":true,"href":"https:\/\/toweringnuts.com\/ro\/wp-json\/wp\/v2\/product_tag?post=1904"}],"curies":[{"name":"wp","href":"https:\/\/api.w.org\/{rel}","templated":true}]}}