{"id":1679,"date":"2020-12-08T13:44:45","date_gmt":"2020-12-08T13:44:45","guid":{"rendered":"https:\/\/toweringnuts.com\/\/?post_type=product&#038;p=1679"},"modified":"2022-01-13T16:47:48","modified_gmt":"2022-01-13T14:47:48","slug":"vibrator-for-harvesting-tornado","status":"publish","type":"product","link":"https:\/\/toweringnuts.com\/ro\/product\/vibrator-for-harvesting-tornado\/","title":{"rendered":"&#8221;Scutur\u0103tor de nuci, migdale, cire\u015fe, prune &#8211; Tornado&#8221;"},"content":{"rendered":"<p>[vc_row][vc_column][vc_column_text text_larger=&#8221;no&#8221;]<\/p>\n<h3><span style=\"color: #339966;\"><strong><a style=\"color: #339966;\" href=\"https:\/\/toweringnuts.com\/wp-content\/uploads\/2020\/12\/tornado-brosura.pdf\" target=\"_blank\" rel=\"noopener noreferrer\">Desc\u0103rca\u021bi catalogul<\/a><\/strong><\/span><\/h3>\n<p>[\/vc_column_text][\/vc_column][\/vc_row][vc_row][vc_column][vc_tta_accordion][vc_tta_section title=&#8221;Descriere&#8221; tab_id=&#8221;1608289491533-7af89dd2-c50f&#8221;][vc_column_text text_larger=&#8221;no&#8221;]Modelul de scutur\u0103toare TORNADO este un utilaj de vibrare cu un concept nou \u0219i caracteristici tehnologice inovatoare. Conceput \u0219i construit, \u00een special, pentru recoltarea m\u0103slinelor, migdalelor, nucilor, fisticului, cire\u0219elor, prunelor \u0219i \u00een general al tuturor fructelor ce sunt ag\u0103\u021bate.<br \/>\nFlexibilitatea sa excep\u021bional\u0103, permite s\u0103 func\u021bioneze \u00een orice tip de planta\u021bii (tinere, adulte sau seculare), pe orice tip de teren (plat, deluros sau abrupt) \u0219i indiferent de tipul livezii (intensiv\u0103, tradi\u021bional\u0103 etc.). Conectarea la tractor se realizeaz\u0103 \u00eentr-un mod simplu \u0219i rapid, prin conexiunea \u00een trei puncte \u0219i la priza de putere (PTO).<br \/>\nGreutatea \u0219i dimensiunile reduse permit s\u0103 fie utilizat chiar \u0219i pe tractoare mici.<br \/>\nToate comenzile \u0219i mi\u0219c\u0103rile sunt efectuate cu ajutorul unei telecomenzi care permite operatorului s\u0103 se pozi\u021bioneze la doar c\u00e2\u021biva pa\u0219i de copac, asigur\u00e2nd o prindere optim\u0103 a capului vibratorului.<br \/>\nCapul vibrator, cu sistemul s\u0103u specific de suspensii \u0219i prindere a fost conceput \u0219i proiectat pentru a evita orice fel de deteriorare a scoar\u021bei copacului \u0219i permite s\u0103 lucreze excelent \u0219i pe trunchi \u0219i pe ramuri, asigur\u00e2nd un randament de recolt\u0103 foarte mare.<br \/>\nModelul TORNADO este proiectat \u0219i pentru utilizarea \u00een comun cu umbrela de captare a recoltei de model RMA1.<\/p>\n<p>Reprezentant \u00een R. Moldova<br \/>\nSRL \u201dTowering nuts\u201d[\/vc_column_text][\/vc_tta_section][vc_tta_section title=&#8221;Specifica\u021bii&#8221; tab_id=&#8221;1608289491556-db88c319-17c7&#8243;][vc_column_text text_larger=&#8221;no&#8221;]<strong>\u00cen acest model, exist\u0103 o setare a mai multor niveluri de vibra\u021bie<\/strong>, \u00een func\u021bie de arborele care trebuie agitat, t\u00e2n\u0103r sau b\u0103tr\u00e2n, sunt setate diferite amplitudini \u0219i intensit\u0103\u021bi ale vibra\u021biilor. Ma\u0219ina de recoltat nuci \u0219i alune poate lucra pe orice tip de plant\u0103 (t\u00e2n\u0103r\u0103, adult\u0103 sau secular\u0103), \u00een orice situa\u021bie a solului (plan\u0103, deluroas\u0103 sau abrupt\u0103).<\/p>\n<p><strong>Date tehnice:<\/strong><\/p>\n<p>&#8211; l\u0103\u021bimea maxim\u0103 pe ro\u021bi: 2,20<br \/>\n&#8211; lungime minima: 4,4 m<br \/>\n&#8211; lungime maxim\u0103 6,5 m<br \/>\n&#8211; inaltime 1,50 m<br \/>\n&#8211; \u00een\u0103l\u021bimea maxim\u0103 de lucru 5,50 m<br \/>\n&#8211; brat oscilant 180 \u00b0<br \/>\n&#8211; cre\u0219tere maxim\u0103 80 \u00b0<br \/>\n&#8211; putere de la 80 CP<br \/>\n&#8211; viteza priza de putere a tractorului: 540 rpm<br \/>\n&#8211; comenzi: telecomand\u0103<br \/>\n&#8211; greutate: de la 1.275 kg (\u00een func\u021bie de modelul PN)[\/vc_column_text][\/vc_tta_section][\/vc_tta_accordion][\/vc_column][\/vc_row][vc_row][vc_column][vc_video link=&#8221;https:\/\/www.youtube.com\/watch?v=DQ4sF52V1Fw&#8221; image_poster_switch=&#8221;no&#8221;][\/vc_column][\/vc_row]<\/p>","protected":false},"excerpt":{"rendered":"<p>[vc_row][vc_column][vc_column_text text_larger=&#8221;no&#8221;] Desc\u0103rca\u021bi catalogul [\/vc_column_text][\/vc_column][\/vc_row][vc_row][vc_column][vc_tta_accordion][vc_tta_section title=&#8221;Descriere&#8221; tab_id=&#8221;1608289491533-7af89dd2-c50f&#8221;][vc_column_text text_larger=&#8221;no&#8221;]Modelul de scutur\u0103toare TORNADO este un utilaj de vibrare cu un concept nou<\/p>\n","protected":false},"featured_media":1884,"comment_status":"closed","ping_status":"closed","template":"","meta":[],"product_brand":[],"product_cat":[48],"product_tag":[],"class_list":{"0":"post-1679","1":"product","2":"type-product","3":"status-publish","4":"has-post-thumbnail","6":"product_cat-technics","8":"first","9":"instock","10":"shipping-taxable","11":"product-type-simple"},"_links":{"self":[{"href":"https:\/\/toweringnuts.com\/ro\/wp-json\/wp\/v2\/product\/1679","targetHints":{"allow":["GET"]}}],"collection":[{"href":"https:\/\/toweringnuts.com\/ro\/wp-json\/wp\/v2\/product"}],"about":[{"href":"https:\/\/toweringnuts.com\/ro\/wp-json\/wp\/v2\/types\/product"}],"replies":[{"embeddable":true,"href":"https:\/\/toweringnuts.com\/ro\/wp-json\/wp\/v2\/comments?post=1679"}],"wp:featuredmedia":[{"embeddable":true,"href":"https:\/\/toweringnuts.com\/ro\/wp-json\/wp\/v2\/media\/1884"}],"wp:attachment":[{"href":"https:\/\/toweringnuts.com\/ro\/wp-json\/wp\/v2\/media?parent=1679"}],"wp:term":[{"taxonomy":"product_brand","embeddable":true,"href":"https:\/\/toweringnuts.com\/ro\/wp-json\/wp\/v2\/product_brand?post=1679"},{"taxonomy":"product_cat","embeddable":true,"href":"https:\/\/toweringnuts.com\/ro\/wp-json\/wp\/v2\/product_cat?post=1679"},{"taxonomy":"product_tag","embeddable":true,"href":"https:\/\/toweringnuts.com\/ro\/wp-json\/wp\/v2\/product_tag?post=1679"}],"curies":[{"name":"wp","href":"https:\/\/api.w.org\/{rel}","templated":true}]}}