{"id":1675,"date":"2020-12-08T13:36:48","date_gmt":"2020-12-08T13:36:48","guid":{"rendered":"https:\/\/toweringnuts.com\/\/?post_type=product&#038;p=1675"},"modified":"2021-01-04T19:56:24","modified_gmt":"2021-01-04T19:56:24","slug":"tornado","status":"publish","type":"product","link":"https:\/\/toweringnuts.com\/ro\/product\/tornado\/","title":{"rendered":"&#8221;Red Devil&#8221;"},"content":{"rendered":"<p>[vc_row][vc_column][vc_column_text text_larger=&#8221;no&#8221;]<\/p>\n<h3><a href=\"https:\/\/toweringnuts.com\/wp-content\/uploads\/2020\/12\/depliant-berardinucci-s.r.l..pdf\" target=\"_blank\" rel=\"noopener noreferrer\"><strong><span style=\"color: #339966;\">Desc\u0103rca\u021bi catalogul<\/span><\/strong><\/a><\/h3>\n<p>[\/vc_column_text][\/vc_column][\/vc_row][vc_row][vc_column][vc_tta_accordion][vc_tta_section title=&#8221;Descriere&#8221; tab_id=&#8221;1608291298952-ee49d0fe-be62&#8243;][vc_column_text text_larger=&#8221;no&#8221;]Utilaj pentru recoltarea nucilor, migdalelor, cire\u0219elor, prunelor \u0219i \u00een general al tuturor fructelor ce sunt ag\u0103\u021bate.<br \/>\nUtilajele date sunt produse \u00een Italia, de compania Berardinucci, cu un nume \u0219i o istorie bogat\u0103, care este specializat\u0103 doar \u00een proiectarea \u0219i producerea de utilaj pentru recoltarea fructelor ce sunt ag\u0103\u021bate.<\/p>\n<p>Reprezentant \u00een R. Moldova<br \/>\nSRL \u201dTowering nuts\u201d[\/vc_column_text][\/vc_tta_section][vc_tta_section title=&#8221;Specifica\u021bii&#8221; tab_id=&#8221;1608291298976-faaa47e1-25a1&#8243;][vc_column_text text_larger=&#8221;no&#8221;]<strong>\u00cen acest model, exist\u0103 o setare a mai multor niveluri de vibra\u021bie<\/strong>, \u00een func\u021bie de arborele care trebuie agitat, t\u00e2n\u0103r sau b\u0103tr\u00e2n, sunt setate diferite amplitudini \u0219i intensit\u0103\u021bi ale vibra\u021biilor. Ma\u0219ina de recoltat nuci \u0219i alune poate lucra pe orice tip de planta\u021bii (tinere, adulte sau seculare), pe orice tip de teren (plat, deluros sau abrupt).<\/p>\n<p><strong>Date tehnice:<\/strong><\/p>\n<ul>\n<li><\/li>\n<\/ul>\n<p>[\/vc_column_text][\/vc_tta_section][\/vc_tta_accordion][\/vc_column][\/vc_row][vc_row][vc_column][vc_video link=&#8221;&#8221; image_poster_switch=&#8221;no&#8221;][\/vc_column][\/vc_row]<\/p>","protected":false},"excerpt":{"rendered":"<p>[vc_row][vc_column][vc_column_text text_larger=&#8221;no&#8221;] Desc\u0103rca\u021bi catalogul [\/vc_column_text][\/vc_column][\/vc_row][vc_row][vc_column][vc_tta_accordion][vc_tta_section title=&#8221;Descriere&#8221; tab_id=&#8221;1608291298952-ee49d0fe-be62&#8243;][vc_column_text text_larger=&#8221;no&#8221;]Utilaj pentru recoltarea nucilor, migdalelor, cire\u0219elor, prunelor \u0219i \u00een general al tuturor fructelor<\/p>\n","protected":false},"featured_media":1677,"comment_status":"closed","ping_status":"closed","template":"","meta":[],"product_brand":[],"product_cat":[48],"product_tag":[],"class_list":{"0":"post-1675","1":"product","2":"type-product","3":"status-publish","4":"has-post-thumbnail","6":"product_cat-technics","8":"first","9":"instock","10":"shipping-taxable","11":"product-type-simple"},"_links":{"self":[{"href":"https:\/\/toweringnuts.com\/ro\/wp-json\/wp\/v2\/product\/1675","targetHints":{"allow":["GET"]}}],"collection":[{"href":"https:\/\/toweringnuts.com\/ro\/wp-json\/wp\/v2\/product"}],"about":[{"href":"https:\/\/toweringnuts.com\/ro\/wp-json\/wp\/v2\/types\/product"}],"replies":[{"embeddable":true,"href":"https:\/\/toweringnuts.com\/ro\/wp-json\/wp\/v2\/comments?post=1675"}],"wp:featuredmedia":[{"embeddable":true,"href":"https:\/\/toweringnuts.com\/ro\/wp-json\/wp\/v2\/media\/1677"}],"wp:attachment":[{"href":"https:\/\/toweringnuts.com\/ro\/wp-json\/wp\/v2\/media?parent=1675"}],"wp:term":[{"taxonomy":"product_brand","embeddable":true,"href":"https:\/\/toweringnuts.com\/ro\/wp-json\/wp\/v2\/product_brand?post=1675"},{"taxonomy":"product_cat","embeddable":true,"href":"https:\/\/toweringnuts.com\/ro\/wp-json\/wp\/v2\/product_cat?post=1675"},{"taxonomy":"product_tag","embeddable":true,"href":"https:\/\/toweringnuts.com\/ro\/wp-json\/wp\/v2\/product_tag?post=1675"}],"curies":[{"name":"wp","href":"https:\/\/api.w.org\/{rel}","templated":true}]}}