{"id":1834,"date":"2020-12-15T13:40:35","date_gmt":"2020-12-15T13:40:35","guid":{"rendered":"https:\/\/toweringnuts.com\/\/?page_id=1834"},"modified":"2020-12-23T09:49:33","modified_gmt":"2020-12-23T09:49:33","slug":"russkij-greczkie-orehi","status":"publish","type":"page","link":"https:\/\/toweringnuts.com\/ro\/russkij-greczkie-orehi\/","title":{"rendered":"Nuci"},"content":{"rendered":"<p>[vc_row][vc_column][vc_column_text text_larger=&#8221;no&#8221;]<\/p>\n<h2>Nucile SUPER FOOD<\/h2>\n<p>Nucile sunt bogate \u00een vitamine \u0219i minerale. \u00cenc\u0103 din cele mai vechi timpuri, oamenii le-au folosit \u00een scopuri medicinale. Nucile au un efect benefic asupra aproape tuturor organelor. Sunt indispensabile pentru diferite boli cronice. Medicii sf\u0103tuiesc s\u0103 m\u0103n\u00e2nce cel pu\u021bin 10 nuci pe zi pentru adul\u021bi \u0219i 5-7 pentru copii.<\/p>\n<p>Nuc:<br \/>\nactiveaz\u0103 activitatea mental\u0103;<br \/>\nare efect antiinflamator;<br \/>\n\u00eent\u0103re\u0219te sistemul imunitar;<br \/>\nnormalizeaz\u0103 activitatea sistemului cardiovascular;<br \/>\n\u00eent\u0103re\u0219te pere\u021bii vaselor de s\u00e2nge;<br \/>\nstabilizeaz\u0103 starea sistemului nervos, \u00eembun\u0103t\u0103\u021be\u0219te starea de spirit;<br \/>\n\u00eembun\u0103t\u0103\u021be\u0219te memoria \u0219i concentrarea, \u00eembun\u0103t\u0103\u021be\u0219te func\u021bia creierului;<br \/>\nscade glicemia \u00een diabetul de tip 2;<br \/>\nnormalizeaz\u0103 func\u021bia intestinului, face fa\u021b\u0103 disbiozei, cur\u0103\u021b\u0103 de toxine;<br \/>\nstabilizeaz\u0103 stomacul;<br \/>\nutil pentru probleme cu pancreasul;<br \/>\nactiveaz\u0103 metabolismul;<br \/>\nutil mamelor care al\u0103pteaz\u0103 &#8211; \u00eembun\u0103t\u0103\u021be\u0219te calitatea laptelui matern;<br \/>\nd\u0103 putere \u0219i vigoare;<br \/>\najut\u0103 la tratamentul sistemului reproductiv, restabile\u0219te poten\u021ba;<br \/>\nare un efect benefic asupra glandei tiroide;<br \/>\n\u00eent\u0103re\u0219te \u021besutul osos.<\/p>\n<p>V\u0103 oferim s\u0103 cump\u0103ra\u021bi nuci \u00een pungi, \u00een containere, in vrac.<\/p>\n<p>Oferim \u0219i coji de nuc\u0103.<br \/>\nPoate fi folosit ca combustibil sau coloran\u021bi pe baz\u0103 de plante pentru produse cosmetice \u0219i textile.[\/vc_column_text][\/vc_column][\/vc_row][vc_row][vc_column][vc_gallery interval=&#8221;5&#8243; images=&#8221;1485,1436,1435,1434,1433,1432,1431,1430,1429,1428&#8243; img_size=&#8221;full&#8221;][\/vc_column][\/vc_row]<\/p>\n","protected":false},"excerpt":{"rendered":"<p>[vc_row][vc_column][vc_column_text text_larger=&#8221;no&#8221;] Nucile SUPER FOOD Nucile sunt bogate \u00een vitamine \u0219i minerale. \u00cenc\u0103 din cele mai vechi timpuri, oamenii le-au<\/p>\n","protected":false},"author":1,"featured_media":0,"parent":0,"menu_order":0,"comment_status":"closed","ping_status":"closed","template":"","meta":{"footnotes":""},"class_list":["post-1834","page","type-page","status-publish","hentry"],"_links":{"self":[{"href":"https:\/\/toweringnuts.com\/ro\/wp-json\/wp\/v2\/pages\/1834","targetHints":{"allow":["GET"]}}],"collection":[{"href":"https:\/\/toweringnuts.com\/ro\/wp-json\/wp\/v2\/pages"}],"about":[{"href":"https:\/\/toweringnuts.com\/ro\/wp-json\/wp\/v2\/types\/page"}],"author":[{"embeddable":true,"href":"https:\/\/toweringnuts.com\/ro\/wp-json\/wp\/v2\/users\/1"}],"replies":[{"embeddable":true,"href":"https:\/\/toweringnuts.com\/ro\/wp-json\/wp\/v2\/comments?post=1834"}],"version-history":[{"count":6,"href":"https:\/\/toweringnuts.com\/ro\/wp-json\/wp\/v2\/pages\/1834\/revisions"}],"predecessor-version":[{"id":1852,"href":"https:\/\/toweringnuts.com\/ro\/wp-json\/wp\/v2\/pages\/1834\/revisions\/1852"}],"wp:attachment":[{"href":"https:\/\/toweringnuts.com\/ro\/wp-json\/wp\/v2\/media?parent=1834"}],"curies":[{"name":"wp","href":"https:\/\/api.w.org\/{rel}","templated":true}]}}