{"id":1570,"date":"2020-12-07T12:32:35","date_gmt":"2020-12-07T12:32:35","guid":{"rendered":"https:\/\/toweringnuts.com\/\/?page_id=1570"},"modified":"2020-12-23T09:49:32","modified_gmt":"2020-12-23T09:49:32","slug":"privacy-policy","status":"publish","type":"page","link":"https:\/\/toweringnuts.com\/ro\/privacy-policy\/","title":{"rendered":"Politica de confiden\u021bialitate"},"content":{"rendered":"<p>POLITICA DE CONFIDEN\u021aIALITATE<\/p>\n<p>Confiden\u021bialitatea dvs. este important\u0103 pentru noi. Politica towering-nuts.com este de a v\u0103 respecta confiden\u021bialitatea cu privire la orice informa\u021bii pe care le putem colecta de la dvs. pe site-ul nostru web https:\/\/towering-nuts.com\/,\u00a0 \u0219i alte site-uri pe care le de\u021binem \u0219i oper\u0103m.<\/p>\n<p>Solicit\u0103m informa\u021bii personale numai atunci c\u00e2nd avem cu adev\u0103rat nevoie de ele pentru a v\u0103 oferi un serviciu. \u00cel colect\u0103m prin mijloace corecte \u0219i legale, cu cuno\u0219tin\u021bele \u0219i consim\u021b\u0103m\u00e2ntul dvs. De asemenea, v\u0103 anun\u021b\u0103m de ce \u00eel colect\u0103m \u0219i cum va fi utilizat.<\/p>\n<p>P\u0103str\u0103m informa\u021biile colectate numai at\u00e2t timp c\u00e2t este necesar pentru a v\u0103 oferi serviciul solicitat. Ce date stoc\u0103m, le vom proteja \u00een cadrul unor mijloace acceptabile din punct de vedere comercial pentru a preveni pierderea \u0219i furtul, precum \u0219i accesul, divulgarea, copierea, utilizarea sau modificarea neautorizat\u0103.<\/p>\n<p>Nu \u00eemp\u0103rt\u0103\u0219im niciun fel de informa\u021bii de identificare personal\u0103 \u00een mod public sau cu ter\u021bi, cu excep\u021bia cazului \u00een care legea impune acest lucru.<\/p>\n<p>Site-ul nostru web poate face leg\u0103tura cu site-uri externe care nu sunt operate de noi. V\u0103 rug\u0103m s\u0103 re\u021bine\u021bi c\u0103 nu avem control asupra con\u021binutului \u0219i practicilor acestor site-uri \u0219i nu putem accepta r\u0103spunderea sau r\u0103spunderea pentru politicile lor de confiden\u021bialitate.<\/p>\n<p>Sunte\u021bi liber s\u0103 refuza\u021bi solicitarea noastr\u0103 de informa\u021bii cu caracter personal, \u00een\u021beleg\u00e2nd c\u0103 este posibil s\u0103 nu v\u0103 putem oferi unele dintre serviciile dorite.<\/p>\n<p>Utilizarea continu\u0103 a site-ului nostru web va fi considerat\u0103 ca acceptare a practicilor noastre legate de confiden\u021bialitate \u0219i informa\u021bii personale. Dac\u0103 ave\u021bi \u00eentreb\u0103ri despre modul \u00een care gestion\u0103m datele utilizatorului \u0219i informa\u021biile personale, nu ezita\u021bi s\u0103 ne contacta\u021bi.<\/p>\n<p>Aceast\u0103 politic\u0103 este valabil\u0103 \u00eencep\u00e2nd cu 14 septembrie 2020.<\/p>\n<p>TERMENII SERVICIULUI<br \/>\n1. Termeni<\/p>\n<p>Acces\u00e2nd site-ul web la https:\/\/towering-nuts.com\/ sunte\u021bi de acord s\u0103 fi\u021bi obliga\u021bi de ace\u0219ti termeni \u0219i condi\u021bii, de toate legile \u0219i reglement\u0103rile aplicabile \u0219i sunte\u021bi de acord c\u0103 sunte\u021bi responsabil pentru respectarea oric\u0103ror legi locale aplicabile. Dac\u0103 nu sunte\u021bi de acord cu oricare dintre ace\u0219ti termeni, vi se interzice utilizarea sau accesarea acestui site. Materialele con\u021binute \u00een acest site web sunt protejate de legea aplicabil\u0103 privind drepturile de autor \u0219i m\u0103rcile comerciale.<\/p>\n<p>2. Folosi\u021bi licen\u021ba<br \/>\nSe acord\u0103 permisiunea de a desc\u0103rca temporar o copie a materialelor (informa\u021bii sau software) pe towering-nuts.com numai pentru vizualizare tranzitorie personal\u0103, necomercial\u0103. Aceasta este acordarea unei licen\u021be, nu a unui transfer de titlu, iar \u00een baza acestei licen\u021be nu pute\u021bi:<br \/>\nmodifica\u021bi sau copia\u021bi materialele;<br \/>\nutiliza\u021bi materialele \u00een orice scop comercial sau pentru orice afi\u0219are public\u0103 (comercial\u0103 sau necomercial\u0103);<br \/>\ns\u0103 \u00eencerce s\u0103 decompileze sau s\u0103 realizeze inginerie invers\u0103 orice software con\u021binut pe site-ul towering-nuts.com;<br \/>\nelimina\u021bi orice drept de autor sau alte nota\u021bii de proprietate din materiale; sau<br \/>\ntransfera\u021bi materialele c\u0103tre o alt\u0103 persoan\u0103 sau \u201eoglindi\u021bi\u201d materialele de pe orice alt server.<br \/>\nAceast\u0103 licen\u021b\u0103 va \u00eenceta automat dac\u0103 \u00eenc\u0103lca\u021bi oricare dintre aceste restric\u021bii \u0219i poate fi reziliat\u0103 de https:\/\/towering-nuts.com\/ \u00een orice moment. La terminarea vizualiz\u0103rii acestor materiale sau la terminarea acestei licen\u021be, trebuie s\u0103 distruge\u021bi orice materiale desc\u0103rcate aflate \u00een posesia dvs., fie \u00een format electronic, fie \u00een format tip\u0103rit.<br \/>\n3. Declinarea responsabilit\u0103\u021bii<br \/>\nMaterialele de pe https:\/\/towering-nuts.com\/ sunt furnizate \u201eca atare\u201d. towering-nuts.com nu ofer\u0103 garan\u021bii, exprimate sau implicite, \u0219i prin aceasta renun\u021b\u0103 \u0219i neag\u0103 toate celelalte garan\u021bii, inclusiv, f\u0103r\u0103 limitare, garan\u021bii implicite sau condi\u021bii de comercializare, adecvare pentru un anumit scop sau nerespectarea propriet\u0103\u021bii intelectuale sau alte \u00eenc\u0103lc\u0103ri ale drepturilor.<br \/>\n\u00cen plus, https:\/\/towering-nuts.com\/ nu garanteaz\u0103 \u0219i nu face nicio declara\u021bie cu privire la acurate\u021bea, rezultatele probabile sau fiabilitatea utiliz\u0103rii materialelor de pe site-ul s\u0103u web sau care se refer\u0103 \u00een alt mod la astfel de materiale sau pe orice site-uri legate de acest site.<br \/>\n4. Limit\u0103ri<\/p>\n<p>\u00cen niciun caz https:\/\/towering-nuts.com\/ sau furnizorii s\u0103i nu vor fi r\u0103spunz\u0103tori pentru orice daune (inclusiv, f\u0103r\u0103 limitare, daune pentru pierderea de date sau profit, sau din cauza \u00eentreruperii afacerii) rezultate din utilizarea sau incapacitatea de a utiliza materialele de pe site-ul towering-nuts.com, chiar dac\u0103 towering-nuts.com sau un reprezentant autorizat towering-nuts.com a fost notificat oral sau \u00een scris cu privire la posibilitatea unei astfel de daune. Deoarece unele jurisdic\u021bii nu permit limit\u0103ri ale garan\u021biilor implicite sau limit\u0103ri ale r\u0103spunderii pentru daunele indirecte sau incidentale, este posibil ca aceste limit\u0103ri s\u0103 nu se aplice pentru dvs.<\/p>\n<p>5. Precizia materialelor<\/p>\n<p>Materialele care apar pe site-ul https:\/\/towering-nuts.com\/ pot include erori tehnice, tipografice sau fotografice. towering-nuts.com nu garanteaz\u0103 c\u0103 oricare dintre materialele de pe site-ul s\u0103u web este corect, complet sau actual. https:\/\/towering-nuts.com\/ poate aduce modific\u0103ri materialelor con\u021binute pe site-ul s\u0103u web \u00een orice moment, f\u0103r\u0103 notificare prealabil\u0103. Totu\u0219i towering-nuts.com<\/p>\n<p>nu \u00ee\u0219i asum\u0103 angajamentul de a actualiza materialele.<\/p>\n<p>6. Link-uri<\/p>\n<p>https:\/\/towering-nuts.com\/ nu a revizuit toate site-urile legate de site-ul s\u0103u \u0219i nu este responsabil pentru con\u021binutul unui astfel de site conectat. Includerea oric\u0103rui link nu implic\u0103 aprobarea de c\u0103tre https:\/\/towering-nuts.com\/ a site-ului. Utilizarea oric\u0103rui astfel de site web conectat se face la propriul utilizator<\/p>\n<p>7. Modific\u0103ri<\/p>\n<p>https:\/\/towering-nuts.com\/ poate revizui ace\u0219ti termeni \u0219i condi\u021bii pentru site-ul s\u0103u web \u00een orice moment, f\u0103r\u0103 notificare prealabil\u0103. Prin utilizarea acestui site, sunte\u021bi de acord s\u0103 fi\u021bi legat de versiunea actual\u0103 de atunci a acestor termeni \u0219i condi\u021bii.<\/p>\n<p>8. Legea aplicabil\u0103<\/p>\n<p>Ace\u0219ti termeni \u0219i condi\u021bii sunt guvernate \u0219i interpretate \u00een conformitate cu legile Republicii Moldova \u0219i v\u0103 supune\u021bi irevocabil jurisdic\u021biei exclusive a instan\u021belor din acel stat sau loca\u021bie.<\/p>\n","protected":false},"excerpt":{"rendered":"<p>POLITICA DE CONFIDEN\u021aIALITATE Confiden\u021bialitatea dvs. este important\u0103 pentru noi. Politica towering-nuts.com este de a v\u0103 respecta confiden\u021bialitatea cu privire la<\/p>\n","protected":false},"author":1,"featured_media":0,"parent":0,"menu_order":0,"comment_status":"closed","ping_status":"closed","template":"","meta":{"footnotes":""},"class_list":["post-1570","page","type-page","status-publish","hentry"],"_links":{"self":[{"href":"https:\/\/toweringnuts.com\/ro\/wp-json\/wp\/v2\/pages\/1570","targetHints":{"allow":["GET"]}}],"collection":[{"href":"https:\/\/toweringnuts.com\/ro\/wp-json\/wp\/v2\/pages"}],"about":[{"href":"https:\/\/toweringnuts.com\/ro\/wp-json\/wp\/v2\/types\/page"}],"author":[{"embeddable":true,"href":"https:\/\/toweringnuts.com\/ro\/wp-json\/wp\/v2\/users\/1"}],"replies":[{"embeddable":true,"href":"https:\/\/toweringnuts.com\/ro\/wp-json\/wp\/v2\/comments?post=1570"}],"version-history":[{"count":3,"href":"https:\/\/toweringnuts.com\/ro\/wp-json\/wp\/v2\/pages\/1570\/revisions"}],"predecessor-version":[{"id":1574,"href":"https:\/\/toweringnuts.com\/ro\/wp-json\/wp\/v2\/pages\/1570\/revisions\/1574"}],"wp:attachment":[{"href":"https:\/\/toweringnuts.com\/ro\/wp-json\/wp\/v2\/media?parent=1570"}],"curies":[{"name":"wp","href":"https:\/\/api.w.org\/{rel}","templated":true}]}}