{"id":1382,"date":"2020-12-04T08:58:49","date_gmt":"2020-12-04T08:58:49","guid":{"rendered":"https:\/\/toweringnuts.com\/\/?page_id=1382"},"modified":"2024-08-26T11:35:23","modified_gmt":"2024-08-26T09:35:23","slug":"about-us","status":"publish","type":"page","link":"https:\/\/toweringnuts.com\/ro\/about-us\/","title":{"rendered":"Despre noi"},"content":{"rendered":"<p>[vc_row][vc_column][vc_column_text]<\/p>\n<div style=\"width: 1280px;\" class=\"wp-video\"><video class=\"wp-video-shortcode\" id=\"video-1382-1\" width=\"1280\" height=\"720\" preload=\"metadata\" controls=\"controls\"><source type=\"video\/mp4\" src=\"https:\/\/toweringnuts.com\/\/wp-content\/uploads\/2020\/12\/render-1920x1080-eng.mp4?_=1\" \/><a href=\"https:\/\/toweringnuts.com\/\/wp-content\/uploads\/2020\/12\/render-1920x1080-eng.mp4\">https:\/\/toweringnuts.com\/\/wp-content\/uploads\/2020\/12\/render-1920x1080-eng.mp4<\/a><\/video><\/div>\n<p style=\"text-align: left;\">[\/vc_column_text][\/vc_column][\/vc_row][vc_row][vc_column][vc_custom_heading text=&#8221;Despre noi&#8221;][vc_column_text text_larger=&#8221;no&#8221;]\u201eTowering Nuts\u201d SRL &#8211; se ocup\u0103 cu cultivarea, prelucrarea \u0219i comercializarea nucilor, precum \u0219i cu v\u00e2nzarea de echipamente de recoltare, compania Berardinucci, a c\u0103rei reprezentan\u021bi suntem \u00een Republica Moldova.<\/p>\n<p>Planta\u021biile noastre de nuci, aproximativ 260 de hectare, precum \u0219i un atelier de prelucrare \u0219i depozitare, sunt situate \u00een regiunea F\u0103le\u0219ti, \u00een comuna Obreja-Veche, pe teritoriul platoului nordic al Moldovei.<\/p>\n<p>Planta\u021biile au fost \u00eenfiin\u021bate din 2010 p\u00e2n\u0103 \u00een 2015, pe cel mai fertil teren \u0219i cea mai bun\u0103 loca\u021bie pentru cultivarea culturilor de nuci.[\/vc_column_text][\/vc_column][\/vc_row][vc_row][vc_column][vc_gmaps link=&#8221;#E-8_JTNDaWZyYW1lJTIwc3JjJTNEJTIyaHR0cHMlM0ElMkYlMkZ3d3cuZ29vZ2xlLmNvbSUyRm1hcHMlMkZlbWJlZCUzRnBiJTNEJTIxMW0xNCUyMTFtMTIlMjExbTMlMjExZDEwODguMjE4MTMxNTcwNTY4NiUyMTJkMjcuNjk2MzI2NzI2MjUzNTk1JTIxM2Q0Ny42ODAzOTcwNjAxMDQxMzQlMjEybTMlMjExZjAlMjEyZjAlMjEzZjAlMjEzbTIlMjExaTEwMjQlMjEyaTc2OCUyMTRmMTMuMSUyMTVlMSUyMTNtMiUyMTFzcm8lMjEycyUyMTR2MTcyNDY2NDg0OTY5OSUyMTVtMiUyMTFzcm8lMjEycyUyMiUyMHdpZHRoJTNEJTIyNjAwJTIyJTIwaGVpZ2h0JTNEJTIyNDUwJTIyJTIwc3R5bGUlM0QlMjJib3JkZXIlM0EwJTNCJTIyJTIwYWxsb3dmdWxsc2NyZWVuJTNEJTIyJTIyJTIwbG9hZGluZyUzRCUyMmxhenklMjIlMjByZWZlcnJlcnBvbGljeSUzRCUyMm5vLXJlZmVycmVyLXdoZW4tZG93bmdyYWRlJTIyJTNFJTNDJTJGaWZyYW1lJTNF&#8221;][\/vc_column][\/vc_row]<\/p>\n","protected":false},"excerpt":{"rendered":"<p>[vc_row][vc_column][vc_column_text] [\/vc_column_text][\/vc_column][\/vc_row][vc_row][vc_column][vc_custom_heading text=&#8221;Despre noi&#8221;][vc_column_text text_larger=&#8221;no&#8221;]\u201eTowering Nuts\u201d SRL &#8211; se ocup\u0103 cu cultivarea, prelucrarea \u0219i comercializarea nucilor, precum \u0219i cu v\u00e2nzarea<\/p>\n","protected":false},"author":1,"featured_media":0,"parent":0,"menu_order":0,"comment_status":"closed","ping_status":"closed","template":"","meta":{"footnotes":""},"class_list":["post-1382","page","type-page","status-publish","hentry"],"_links":{"self":[{"href":"https:\/\/toweringnuts.com\/ro\/wp-json\/wp\/v2\/pages\/1382","targetHints":{"allow":["GET"]}}],"collection":[{"href":"https:\/\/toweringnuts.com\/ro\/wp-json\/wp\/v2\/pages"}],"about":[{"href":"https:\/\/toweringnuts.com\/ro\/wp-json\/wp\/v2\/types\/page"}],"author":[{"embeddable":true,"href":"https:\/\/toweringnuts.com\/ro\/wp-json\/wp\/v2\/users\/1"}],"replies":[{"embeddable":true,"href":"https:\/\/toweringnuts.com\/ro\/wp-json\/wp\/v2\/comments?post=1382"}],"version-history":[{"count":34,"href":"https:\/\/toweringnuts.com\/ro\/wp-json\/wp\/v2\/pages\/1382\/revisions"}],"predecessor-version":[{"id":1933,"href":"https:\/\/toweringnuts.com\/ro\/wp-json\/wp\/v2\/pages\/1382\/revisions\/1933"}],"wp:attachment":[{"href":"https:\/\/toweringnuts.com\/ro\/wp-json\/wp\/v2\/media?parent=1382"}],"curies":[{"name":"wp","href":"https:\/\/api.w.org\/{rel}","templated":true}]}}